{"id":7,"date":"2021-01-09T21:14:45","date_gmt":"2021-01-09T20:14:45","guid":{"rendered":"http:\/\/www.chanitec.fr\/?page_id=7"},"modified":"2025-12-05T17:14:17","modified_gmt":"2025-12-05T16:14:17","slug":"a-propos-de","status":"publish","type":"page","link":"https:\/\/www.chanitec.fr\/","title":{"rendered":"CHANITEC"},"content":{"rendered":"\n<p><strong><span class=\"has-inline-color has-primary-color\">CHANITEC Industries est sp\u00e9cialis\u00e9e dans le d\u00e9coupage, l&#8217;emboutissage et l&rsquo;assemblage de pi\u00e8ces m\u00e9talliques en grandes, moyennes et petites s\u00e9ries.<\/span><\/strong><\/p>\n\n\n\n<h2 class=\"wp-block-heading\"><strong>D\u00e9coupage, emboutissage, assemblage<\/strong><\/h2>\n\n\n<div class=\"wp-block-image is-style-rounded\">\n<figure class=\"alignright size-large is-resized\"><img loading=\"lazy\" decoding=\"async\" src=\"http:\/\/www.chanitec.fr\/wp-content\/uploads\/2021\/01\/Pieces-004-1024x683.jpg\" alt=\"\" class=\"wp-image-41\" width=\"256\" height=\"171\" srcset=\"https:\/\/www.chanitec.fr\/wp-content\/uploads\/2021\/01\/Pieces-004-1024x683.jpg 1024w, https:\/\/www.chanitec.fr\/wp-content\/uploads\/2021\/01\/Pieces-004-300x200.jpg 300w, https:\/\/www.chanitec.fr\/wp-content\/uploads\/2021\/01\/Pieces-004-768x512.jpg 768w, https:\/\/www.chanitec.fr\/wp-content\/uploads\/2021\/01\/Pieces-004-1536x1024.jpg 1536w, https:\/\/www.chanitec.fr\/wp-content\/uploads\/2021\/01\/Pieces-004-2048x1365.jpg 2048w, https:\/\/www.chanitec.fr\/wp-content\/uploads\/2021\/01\/Pieces-004-1200x800.jpg 1200w, https:\/\/www.chanitec.fr\/wp-content\/uploads\/2021\/01\/Pieces-004-1980x1320.jpg 1980w\" sizes=\"auto, (max-width: 256px) 100vw, 256px\" \/><\/figure>\n<\/div>\n\n\n<p>\u00b7 Du simple d\u00e9coupage \u00e0 l&rsquo;outil \u00e0 suite complexe<br>\u00b7 Tous types de mati\u00e8res : Aciers doux, aciers rev\u00eatus, feuillards<br>de pr\u00e9cisions, non ferreux, inox, PVC, \u2026<br>\u00b7 Toutes \u00e9paisseurs : de 0.25 \u00e0 10 mm<br>\u00b7 Montage et assemblage : soudure par point,<br>soudure robotis\u00e9e, rivetage, sertissage, \u2026<br>\u00b7 Petites, moyennes et grandes s\u00e9ries :<br>de la pi\u00e8ce unitaire \u00e0 plusieurs millions de pi\u00e8ces par an.<\/p>\n\n\n\n<h2 class=\"wp-block-heading\"><strong>Conception et r\u00e9alisation d&rsquo;outils<\/strong><\/h2>\n\n\n<div class=\"wp-block-image is-style-rounded\">\n<figure class=\"alignright size-large\"><img loading=\"lazy\" decoding=\"async\" width=\"320\" height=\"208\" src=\"http:\/\/www.chanitec.fr\/wp-content\/uploads\/2021\/01\/1395150548_1427816074.jpeg\" alt=\"\" class=\"wp-image-37\" srcset=\"https:\/\/www.chanitec.fr\/wp-content\/uploads\/2021\/01\/1395150548_1427816074.jpeg 320w, https:\/\/www.chanitec.fr\/wp-content\/uploads\/2021\/01\/1395150548_1427816074-300x195.jpeg 300w\" sizes=\"auto, (max-width: 320px) 100vw, 320px\" \/><\/figure>\n<\/div>\n\n\n<p>Etude, r\u00e9alisation et mise au point des outillages \u00e0 partir de vos<br>plans pi\u00e8ces<br>\u00b7 Atelier de m\u00e9canique pour la fabrication et la maintenance des<br>outils<br>\u00b7 Electro-\u00e9rosion \u00e0 fil, rectification, fraisage, tournage, \u2026<\/p>\n\n\n\n<h2 class=\"wp-block-heading\"><strong>Qualit\u00e9<\/strong><\/h2>\n\n\n<div class=\"wp-block-image\">\n<figure class=\"alignright size-large\"><img loading=\"lazy\" decoding=\"async\" width=\"98\" height=\"90\" src=\"http:\/\/www.chanitec.fr\/wp-content\/uploads\/2021\/01\/logo-ISO-9001-new.jpeg\" alt=\"\" class=\"wp-image-42\"\/><\/figure>\n<\/div>\n\n\n<p>\u00b7 Certification ISO 9001 v. 2008<br>Sur les activit\u00e9s : d\u00e9coupage, emboutissage<\/p>\n","protected":false},"excerpt":{"rendered":"<p>CHANITEC Industries est sp\u00e9cialis\u00e9e dans le d\u00e9coupage, l&#8217;emboutissage et l&rsquo;assemblage de pi\u00e8ces m\u00e9talliques en grandes, moyennes et petites s\u00e9ries. D\u00e9coupage, emboutissage, assemblage \u00b7 Du simple d\u00e9coupage \u00e0 l&rsquo;outil \u00e0 suite complexe\u00b7 Tous types de&#46;&#46;&#46;<\/p>\n","protected":false},"author":1,"featured_media":0,"parent":0,"menu_order":0,"comment_status":"closed","ping_status":"closed","template":"templates\/template-full-width.php","meta":{"footnotes":""},"class_list":["post-7","page","type-page","status-publish","hentry"],"_links":{"self":[{"href":"https:\/\/www.chanitec.fr\/index.php?rest_route=\/wp\/v2\/pages\/7","targetHints":{"allow":["GET"]}}],"collection":[{"href":"https:\/\/www.chanitec.fr\/index.php?rest_route=\/wp\/v2\/pages"}],"about":[{"href":"https:\/\/www.chanitec.fr\/index.php?rest_route=\/wp\/v2\/types\/page"}],"author":[{"embeddable":true,"href":"https:\/\/www.chanitec.fr\/index.php?rest_route=\/wp\/v2\/users\/1"}],"replies":[{"embeddable":true,"href":"https:\/\/www.chanitec.fr\/index.php?rest_route=%2Fwp%2Fv2%2Fcomments&post=7"}],"version-history":[{"count":8,"href":"https:\/\/www.chanitec.fr\/index.php?rest_route=\/wp\/v2\/pages\/7\/revisions"}],"predecessor-version":[{"id":73,"href":"https:\/\/www.chanitec.fr\/index.php?rest_route=\/wp\/v2\/pages\/7\/revisions\/73"}],"wp:attachment":[{"href":"https:\/\/www.chanitec.fr\/index.php?rest_route=%2Fwp%2Fv2%2Fmedia&parent=7"}],"curies":[{"name":"wp","href":"https:\/\/api.w.org\/{rel}","templated":true}]}}